{"id":29,"date":"2024-05-14T06:46:37","date_gmt":"2024-05-14T06:46:37","guid":{"rendered":"http:\/\/rebgreen.fr\/Blog\/?page_id=29"},"modified":"2025-04-17T11:31:42","modified_gmt":"2025-04-17T11:31:42","slug":"mentions-legales","status":"publish","type":"page","link":"https:\/\/rebgreen.fr\/Blog\/mentions-legales\/","title":{"rendered":"Mentions L\u00e9gales"},"content":{"rendered":"\n<p>Conform\u00e9ment aux dispositions des articles 6-III et 19 de la Loi n\u00b02004-575 du 21 juin 2004 pour la Confiance dans l\u2019\u00e9conomie num\u00e9rique (LCEN), nous informons les utilisateurs du site <strong>rebgreen.fr<\/strong> des informations suivantes :<\/p>\n\n\n\n<h3 class=\"wp-block-heading\"><strong>\u00c9diteur du site<\/strong><\/h3>\n\n\n\n<ul class=\"wp-block-list\">\n<li><strong>Nom de la soci\u00e9t\u00e9<\/strong> : SBI GREEN<\/li>\n\n\n\n<li><strong>Adresse<\/strong> : 102 rue du G\u00e9n\u00e9ral de Gaulle, 67280 Urmatt, France<\/li>\n\n\n\n<li><strong>T\u00e9l\u00e9phone<\/strong> : 06.70.77.41.14<\/li>\n\n\n\n<li><strong>Email<\/strong> : <a class=\"\">commercial@rebgreen.fr<\/a><\/li>\n\n\n\n<li><strong>SIRET<\/strong> : 911 502 953 00019<\/li>\n\n\n\n<li><strong>Responsable de la publication<\/strong> : SBI GREEN<\/li>\n<\/ul>\n\n\n\n<h3 class=\"wp-block-heading\"><strong>H\u00e9bergement<\/strong><\/h3>\n\n\n\n<ul class=\"wp-block-list\">\n<li><strong>H\u00e9bergeur<\/strong> : IONOS<\/li>\n\n\n\n<li><strong>Adresse<\/strong> : 7 Place de la Gare, 57200 Sarreguemines, France<\/li>\n\n\n\n<li><strong>Site web<\/strong> : <a class=\"\" href=\"https:\/\/www.ionos.fr\">https:\/\/www.ionos.fr<\/a><\/li>\n\n\n\n<li><strong>T\u00e9l\u00e9phone<\/strong> : 0970 808 911 (appel non surtax\u00e9)<\/li>\n<\/ul>\n\n\n\n<h3 class=\"wp-block-heading\"><strong>Propri\u00e9t\u00e9 intellectuelle<\/strong><\/h3>\n\n\n\n<p>L\u2019ensemble du contenu du site <strong>rebgreen.fr<\/strong> (textes, images, graphismes, logo, etc.) est la propri\u00e9t\u00e9 exclusive de SBI GREEN, sauf mention contraire. Toute reproduction, distribution, modification, adaptation, retransmission ou publication, m\u00eame partielle, de ces diff\u00e9rents \u00e9l\u00e9ments est strictement interdite sans l\u2019accord \u00e9crit de SBI GREEN.<\/p>\n\n\n\n<h3 class=\"wp-block-heading\"><strong>Donn\u00e9es personnelles<\/strong><\/h3>\n\n\n\n<p>Les informations collect\u00e9es via le site sont destin\u00e9es exclusivement \u00e0 un usage interne (contact, devis, newsletter, etc.) et ne seront en aucun cas c\u00e9d\u00e9es \u00e0 des tiers. Conform\u00e9ment \u00e0 la loi \u00ab Informatique et Libert\u00e9s \u00bb et au RGPD, vous disposez d\u2019un droit d\u2019acc\u00e8s, de rectification et de suppression de vos donn\u00e9es. Pour toute demande, contactez-nous \u00e0 <strong><a class=\"\">commercial@rebgreen.fr<\/a><\/strong>.<\/p>\n\n\n\n<h3 class=\"wp-block-heading\"><strong>Cookies<\/strong><\/h3>\n\n\n\n<p>Le site <strong>rebgreen.fr<\/strong> peut utiliser des cookies \u00e0 des fins de navigation et de mesure d\u2019audience. Vous pouvez \u00e0 tout moment configurer votre navigateur pour refuser l\u2019enregistrement de ces cookies.<\/p>\n","protected":false},"excerpt":{"rendered":"<p>Conform\u00e9ment aux dispositions des articles 6-III et 19 de la Loi n\u00b02004-575 du 21 juin 2004 pour la Confiance dans l\u2019\u00e9conomie num\u00e9rique (LCEN), nous informons les utilisateurs du site rebgreen.fr des informations suivantes : \u00c9diteur du site H\u00e9bergement Propri\u00e9t\u00e9 intellectuelle L\u2019ensemble du contenu du site rebgreen.fr (textes, images, graphismes, logo, etc.) est la propri\u00e9t\u00e9 exclusive &#8230; <a title=\"Mentions L\u00e9gales\" class=\"read-more\" href=\"https:\/\/rebgreen.fr\/Blog\/mentions-legales\/\" aria-label=\"En savoir plus sur Mentions L\u00e9gales\">Lire plus<\/a><\/p>\n","protected":false},"author":7,"featured_media":0,"parent":0,"menu_order":0,"comment_status":"closed","ping_status":"closed","template":"","meta":{"footnotes":""},"class_list":["post-29","page","type-page","status-publish"],"yoast_head":"<!-- This site is optimized with the Yoast SEO plugin v27.4 - https:\/\/yoast.com\/product\/yoast-seo-wordpress\/ -->\n<title>Mentions L\u00e9gales -<\/title>\n<meta name=\"robots\" content=\"noindex, nofollow\" \/>\n<meta property=\"og:locale\" content=\"fr_FR\" \/>\n<meta property=\"og:type\" content=\"article\" \/>\n<meta property=\"og:title\" content=\"Mentions L\u00e9gales -\" \/>\n<meta property=\"og:description\" content=\"Conform\u00e9ment aux dispositions des articles 6-III et 19 de la Loi n\u00b02004-575 du 21 juin 2004 pour la Confiance dans l\u2019\u00e9conomie num\u00e9rique (LCEN), nous informons les utilisateurs du site rebgreen.fr des informations suivantes : \u00c9diteur du site H\u00e9bergement Propri\u00e9t\u00e9 intellectuelle L\u2019ensemble du contenu du site rebgreen.fr (textes, images, graphismes, logo, etc.) est la propri\u00e9t\u00e9 exclusive ... Lire plus\" \/>\n<meta property=\"og:url\" content=\"https:\/\/rebgreen.fr\/Blog\/mentions-legales\/\" \/>\n<meta property=\"article:modified_time\" content=\"2025-04-17T11:31:42+00:00\" \/>\n<meta name=\"twitter:card\" content=\"summary_large_image\" \/>\n<meta name=\"twitter:label1\" content=\"Dur\u00e9e de lecture estim\u00e9e\" \/>\n\t<meta name=\"twitter:data1\" content=\"2 minutes\" \/>\n<script type=\"application\/ld+json\" class=\"yoast-schema-graph\">{\"@context\":\"https:\\\/\\\/schema.org\",\"@graph\":[{\"@type\":\"WebPage\",\"@id\":\"https:\\\/\\\/rebgreen.fr\\\/Blog\\\/mentions-legales\\\/\",\"url\":\"https:\\\/\\\/rebgreen.fr\\\/Blog\\\/mentions-legales\\\/\",\"name\":\"Mentions L\u00e9gales -\",\"isPartOf\":{\"@id\":\"http:\\\/\\\/rebgreen.fr\\\/Blog\\\/#website\"},\"datePublished\":\"2024-05-14T06:46:37+00:00\",\"dateModified\":\"2025-04-17T11:31:42+00:00\",\"breadcrumb\":{\"@id\":\"https:\\\/\\\/rebgreen.fr\\\/Blog\\\/mentions-legales\\\/#breadcrumb\"},\"inLanguage\":\"fr-FR\",\"potentialAction\":[{\"@type\":\"ReadAction\",\"target\":[\"https:\\\/\\\/rebgreen.fr\\\/Blog\\\/mentions-legales\\\/\"]}]},{\"@type\":\"BreadcrumbList\",\"@id\":\"https:\\\/\\\/rebgreen.fr\\\/Blog\\\/mentions-legales\\\/#breadcrumb\",\"itemListElement\":[{\"@type\":\"ListItem\",\"position\":1,\"name\":\"Home\",\"item\":\"http:\\\/\\\/rebgreen.fr\\\/Blog\\\/\"},{\"@type\":\"ListItem\",\"position\":2,\"name\":\"Mentions L\u00e9gales\"}]},{\"@type\":\"WebSite\",\"@id\":\"http:\\\/\\\/rebgreen.fr\\\/Blog\\\/#website\",\"url\":\"http:\\\/\\\/rebgreen.fr\\\/Blog\\\/\",\"name\":\"\",\"description\":\"M\u00e9dia g\u00e9n\u00e9raliste\",\"potentialAction\":[{\"@type\":\"SearchAction\",\"target\":{\"@type\":\"EntryPoint\",\"urlTemplate\":\"http:\\\/\\\/rebgreen.fr\\\/Blog\\\/?s={search_term_string}\"},\"query-input\":{\"@type\":\"PropertyValueSpecification\",\"valueRequired\":true,\"valueName\":\"search_term_string\"}}],\"inLanguage\":\"fr-FR\"}]}<\/script>\n<!-- \/ Yoast SEO plugin. -->","yoast_head_json":{"title":"Mentions L\u00e9gales -","robots":{"index":"noindex","follow":"nofollow"},"og_locale":"fr_FR","og_type":"article","og_title":"Mentions L\u00e9gales -","og_description":"Conform\u00e9ment aux dispositions des articles 6-III et 19 de la Loi n\u00b02004-575 du 21 juin 2004 pour la Confiance dans l\u2019\u00e9conomie num\u00e9rique (LCEN), nous informons les utilisateurs du site rebgreen.fr des informations suivantes : \u00c9diteur du site H\u00e9bergement Propri\u00e9t\u00e9 intellectuelle L\u2019ensemble du contenu du site rebgreen.fr (textes, images, graphismes, logo, etc.) est la propri\u00e9t\u00e9 exclusive ... Lire plus","og_url":"https:\/\/rebgreen.fr\/Blog\/mentions-legales\/","article_modified_time":"2025-04-17T11:31:42+00:00","twitter_card":"summary_large_image","twitter_misc":{"Dur\u00e9e de lecture estim\u00e9e":"2 minutes"},"schema":{"@context":"https:\/\/schema.org","@graph":[{"@type":"WebPage","@id":"https:\/\/rebgreen.fr\/Blog\/mentions-legales\/","url":"https:\/\/rebgreen.fr\/Blog\/mentions-legales\/","name":"Mentions L\u00e9gales -","isPartOf":{"@id":"http:\/\/rebgreen.fr\/Blog\/#website"},"datePublished":"2024-05-14T06:46:37+00:00","dateModified":"2025-04-17T11:31:42+00:00","breadcrumb":{"@id":"https:\/\/rebgreen.fr\/Blog\/mentions-legales\/#breadcrumb"},"inLanguage":"fr-FR","potentialAction":[{"@type":"ReadAction","target":["https:\/\/rebgreen.fr\/Blog\/mentions-legales\/"]}]},{"@type":"BreadcrumbList","@id":"https:\/\/rebgreen.fr\/Blog\/mentions-legales\/#breadcrumb","itemListElement":[{"@type":"ListItem","position":1,"name":"Home","item":"http:\/\/rebgreen.fr\/Blog\/"},{"@type":"ListItem","position":2,"name":"Mentions L\u00e9gales"}]},{"@type":"WebSite","@id":"http:\/\/rebgreen.fr\/Blog\/#website","url":"http:\/\/rebgreen.fr\/Blog\/","name":"","description":"M\u00e9dia g\u00e9n\u00e9raliste","potentialAction":[{"@type":"SearchAction","target":{"@type":"EntryPoint","urlTemplate":"http:\/\/rebgreen.fr\/Blog\/?s={search_term_string}"},"query-input":{"@type":"PropertyValueSpecification","valueRequired":true,"valueName":"search_term_string"}}],"inLanguage":"fr-FR"}]}},"_links":{"self":[{"href":"https:\/\/rebgreen.fr\/Blog\/wp-json\/wp\/v2\/pages\/29","targetHints":{"allow":["GET"]}}],"collection":[{"href":"https:\/\/rebgreen.fr\/Blog\/wp-json\/wp\/v2\/pages"}],"about":[{"href":"https:\/\/rebgreen.fr\/Blog\/wp-json\/wp\/v2\/types\/page"}],"author":[{"embeddable":true,"href":"https:\/\/rebgreen.fr\/Blog\/wp-json\/wp\/v2\/users\/7"}],"replies":[{"embeddable":true,"href":"https:\/\/rebgreen.fr\/Blog\/wp-json\/wp\/v2\/comments?post=29"}],"version-history":[{"count":7,"href":"https:\/\/rebgreen.fr\/Blog\/wp-json\/wp\/v2\/pages\/29\/revisions"}],"predecessor-version":[{"id":1762,"href":"https:\/\/rebgreen.fr\/Blog\/wp-json\/wp\/v2\/pages\/29\/revisions\/1762"}],"wp:attachment":[{"href":"https:\/\/rebgreen.fr\/Blog\/wp-json\/wp\/v2\/media?parent=29"}],"curies":[{"name":"wp","href":"https:\/\/api.w.org\/{rel}","templated":true}]}}