{"id":33,"date":"2024-05-14T06:50:36","date_gmt":"2024-05-14T06:50:36","guid":{"rendered":"http:\/\/rebgreen.fr\/Blog\/?page_id=33"},"modified":"2024-05-14T06:50:37","modified_gmt":"2024-05-14T06:50:37","slug":"plan-site","status":"publish","type":"page","link":"https:\/\/rebgreen.fr\/Blog\/plan-site\/","title":{"rendered":"Plan site"},"content":{"rendered":"<div class=\"wsp-container\"><h2 class=\"wsp-pages-title\">Pages<\/h2>\n<ul class=\"wsp-pages-list\">\n<li class=\"page_item page-item-37\"><a href=\"https:\/\/rebgreen.fr\/Blog\/a-propos\/\">A Propos<\/a><\/li>\n<li class=\"page_item page-item-221 current_page_parent\"><a href=\"https:\/\/rebgreen.fr\/Blog\/blog\/\">Blog<\/a><\/li>\n<li class=\"page_item page-item-814\"><a href=\"https:\/\/rebgreen.fr\/Blog\/contact\/\">Contact<\/a><\/li>\n<li class=\"page_item page-item-154\"><a href=\"https:\/\/rebgreen.fr\/Blog\/\">Home<\/a><\/li>\n<li class=\"page_item page-item-29\"><a href=\"https:\/\/rebgreen.fr\/Blog\/mentions-legales\/\">Mentions L\u00e9gales<\/a><\/li>\n<li class=\"page_item page-item-33\"><a href=\"https:\/\/rebgreen.fr\/Blog\/plan-site\/\">Plan site<\/a><\/li>\n<li class=\"page_item page-item-35\"><a href=\"https:\/\/rebgreen.fr\/Blog\/politique-de-confidentialite\/\">Politique de confidentialit\u00e9<\/a><\/li>\n<\/ul>\n<h2 class=\"wsp-posts-title\">Articles par cat\u00e9gorie<\/h2>\n<ul class=\"wsp-posts-list\">\n\t<li><strong class=\"wsp-category-title\">Cat\u00e9gorie\u00a0: <a href=\"https:\/\/rebgreen.fr\/Blog\/category\/guide-gazon-synthetique\/\">Guide gazon synth\u00e9tique<\/a><\/strong>\n<ul class=\"wsp-posts-list\">\t\t<li class=\"wsp-post\"><a href=\"https:\/\/rebgreen.fr\/Blog\/gazon-synthetique-dangereux\/\">Gazon synth\u00e9tique dangereux ou pas : tout ce qu&rsquo;il faut savoir<\/a><\/li>\n\t\t<li class=\"wsp-post\"><a href=\"https:\/\/rebgreen.fr\/Blog\/gazon-synthetique-ecologie\/\">Gazon synth\u00e9tique et \u00e9cologie : quels impacts environnementaux en 2026<\/a><\/li>\n\t\t<li class=\"wsp-post\"><a href=\"https:\/\/rebgreen.fr\/Blog\/impact-gazon-synthetique-2026\/\">Quel est l&rsquo;impact environnemental du gazon synth\u00e9tique en 2026<\/a><\/li>\n\t\t<li class=\"wsp-post\"><a href=\"https:\/\/rebgreen.fr\/Blog\/gazon-animaux-conseils\/\">Gazon synth\u00e9tique et animaux domestiques : conseils pour un espace propre et s\u00e9curis\u00e9<\/a><\/li>\n\t\t<li class=\"wsp-post\"><a href=\"https:\/\/rebgreen.fr\/Blog\/gazon-synthetique-chien\/\">Gazon synth\u00e9tique pour chien : avis et conseils essentiels pour bien choisir<\/a><\/li>\n\t\t<li class=\"wsp-post\"><a href=\"https:\/\/rebgreen.fr\/Blog\/comparatif-gazon-synthetique\/\">Comparatif gazon synth\u00e9tique : quel mod\u00e8le choisir en 2025<\/a><\/li>\n\t\t<li class=\"wsp-post\"><a href=\"https:\/\/rebgreen.fr\/Blog\/gazon-synthetique-2026\/\">Quel gazon synth\u00e9tique choisir en 2026 pour un jardin impeccable<\/a><\/li>\n\t\t<li class=\"wsp-post\"><a href=\"https:\/\/rebgreen.fr\/Blog\/gazon-synthetique-qualite-prix\/\">Gazon synth\u00e9tique qualit\u00e9 prix : comment choisir le meilleur rapport qualit\u00e9-prix<\/a><\/li>\n\t\t<li class=\"wsp-post\"><a href=\"https:\/\/rebgreen.fr\/Blog\/commander-gazon-synthetique\/\">O\u00f9 et comment commander du gazon synth\u00e9tique en ligne facilement<\/a><\/li>\n\t\t<li class=\"wsp-post\"><a href=\"https:\/\/rebgreen.fr\/Blog\/meilleur-gazon-synthetique\/\">Choisir le meilleur gazon synth\u00e9tique : conseils et crit\u00e8res essentiels<\/a><\/li>\n\t\t<li class=\"wsp-post\"><a href=\"https:\/\/rebgreen.fr\/Blog\/gazon-synthetique-terrasse\/\">Poser du gazon synth\u00e9tique sur terrasse : guide complet et astuces 2025<\/a><\/li>\n\t\t<li class=\"wsp-post\"><a href=\"https:\/\/rebgreen.fr\/Blog\/gazon-synthetique-terrasse-2\/\">Gazon synth\u00e9tique terrasse carrelage : transformez votre ext\u00e9rieur en 2025 avec style et durabilit\u00e9<\/a><\/li>\n\t\t<li class=\"wsp-post\"><a href=\"https:\/\/rebgreen.fr\/Blog\/gazon-synthetique-terrasse-bois\/\">Gazon synth\u00e9tique terrasse bois : transformez votre espace ext\u00e9rieur en 2025<\/a><\/li>\n\t\t<li class=\"wsp-post\"><a href=\"https:\/\/rebgreen.fr\/Blog\/gazon-synthetique-balcon\/\">Gazon synth\u00e9tique balcon appartement : transformez votre espace ext\u00e9rieur en un coin de paradis<\/a><\/li>\n\t\t<li class=\"wsp-post\"><a href=\"https:\/\/rebgreen.fr\/Blog\/gazon-synthetique-balcon-nord\/\">Gazon synth\u00e9tique pour balcon nord : la solution id\u00e9ale quand il manque de soleil<\/a><\/li>\n\t\t<li class=\"wsp-post\"><a href=\"https:\/\/rebgreen.fr\/Blog\/avantages-gazon-synthetique-amazon\/\">D\u00e9couvrez les avantages du gazon synth\u00e9tique sur Amazon en 2025<\/a><\/li>\n\t\t<li class=\"wsp-post\"><a href=\"https:\/\/rebgreen.fr\/Blog\/gazon-synthetique-pas-cher-comment-choisir-le-meilleur\/\">Gazon synth\u00e9tique pas cher : comment choisir le meilleur option pour votre jardin ?<\/a><\/li>\n\t\t<li class=\"wsp-post\"><a href=\"https:\/\/rebgreen.fr\/Blog\/prix-gazon-synthetique-2025\/\">Quel est le prix du gazon synth\u00e9tique au m2 en 2025 ?<\/a><\/li>\n\t\t<li class=\"wsp-post\"><a href=\"https:\/\/rebgreen.fr\/Blog\/gazon-synthetique-sur-mesure\/\">Gazon synth\u00e9tique sur mesure : pourquoi est-ce un choix id\u00e9al en 2025 ?<\/a><\/li>\n\t\t<li class=\"wsp-post\"><a href=\"https:\/\/rebgreen.fr\/Blog\/pourquoi-choisir-du-gazon-synthetique-haut-de-gamme\/\">Pourquoi choisir du gazon synth\u00e9tique haut de gamme pour votre jardin en 2025 ?<\/a><\/li>\n\t\t<li class=\"wsp-post\"><a href=\"https:\/\/rebgreen.fr\/Blog\/gazon-synthetique-gifi-jardin\/\">Pourquoi choisir le gazon synth\u00e9tique Gifi pour votre jardin en 2025 ?<\/a><\/li>\n\t\t<li class=\"wsp-post\"><a href=\"https:\/\/rebgreen.fr\/Blog\/gazon-synthetique-jardin-2025\/\">Pourquoi choisir un gazon synth\u00e9tique en rouleau pour votre jardin en 2025 ?<\/a><\/li>\n\t\t<li class=\"wsp-post\"><a href=\"https:\/\/rebgreen.fr\/Blog\/choisir-gazon-synthetique-brico\/\">Pourquoi choisir le gazon synth\u00e9tique chez Brico D\u00e9p\u00f4t ?<\/a><\/li>\n\t\t<li class=\"wsp-post\"><a href=\"https:\/\/rebgreen.fr\/Blog\/gazon-synthetique-castorama\/\">Pourquoi choisir le gazon synth\u00e9tique castorama pour votre jardin en 2025 ?<\/a><\/li>\n\t\t<li class=\"wsp-post\"><a href=\"https:\/\/rebgreen.fr\/Blog\/avantages-gazon-synthetique-castorama\/\">Quel est l&rsquo;avantage du gazon synth\u00e9tique chez Castorama ?<\/a><\/li>\n\t\t<li class=\"wsp-post\"><a href=\"https:\/\/rebgreen.fr\/Blog\/brosse-gazon-synthetique-entretien\/\">\ud83c\udf3f Brosse gazon synth\u00e9tique : l\u2019outil malin pour un ext\u00e9rieur toujours impeccable<\/a><\/li>\n\t\t<li class=\"wsp-post\"><a href=\"https:\/\/rebgreen.fr\/Blog\/pelouse-synthetique-pas-cher\/\">Pelouse synth\u00e9tique pas cher : transforme ton jardin sans exploser ton budget<\/a><\/li>\n\t\t<li class=\"wsp-post\"><a href=\"https:\/\/rebgreen.fr\/Blog\/transforme-ton-exterieur-sans-effort-ni-arrosage-avec-rebgreen\/\">\ud83c\udf3f Transforme ton ext\u00e9rieur sans effort ni arrosage : RebGreen, l\u2019alternative haut de gamme \u00e0 Action<\/a><\/li>\n\t\t<li class=\"wsp-post\"><a href=\"https:\/\/rebgreen.fr\/Blog\/gazon-synthetique-rebgreen-vs-leroy\/\">\ud83c\udf3f Transforme ton ext\u00e9rieur avec le gazon synth\u00e9tique rebgreen.fr : mieux que Leroy Merlin pour une pelouse parfaite<\/a><\/li>\n\t\t<li class=\"wsp-post\"><a href=\"https:\/\/rebgreen.fr\/Blog\/gazon-synthetique-pas-cher\/\">\ud83c\udf3f Gazon synth\u00e9tique pas cher : transforme ton ext\u00e9rieur sans exploser ton budget<\/a><\/li>\n\t\t<li class=\"wsp-post\"><a href=\"https:\/\/rebgreen.fr\/Blog\/faq-gazon-synthetique\/\">FAQ Gazon Synth\u00e9tique : R\u00e9ponses aux questions les plus fr\u00e9quentes<\/a><\/li>\n\t\t<li class=\"wsp-post\"><a href=\"https:\/\/rebgreen.fr\/Blog\/entretien-gazon-synthetique\/\">Entretenir son gazon synth\u00e9tique : conseils simples pour un rendu impeccable<\/a><\/li>\n\t\t<li class=\"wsp-post\"><a href=\"https:\/\/rebgreen.fr\/Blog\/fixation-jonction-gazon\/\">Fixation et jonction du gazon synth\u00e9tique : la m\u00e9thode pour un rendu parfait<\/a><\/li>\n\t\t<li class=\"wsp-post\"><a href=\"https:\/\/rebgreen.fr\/Blog\/pose-gazon-synthetique-beton\/\">Comment poser du gazon synth\u00e9tique sur une dalle b\u00e9ton : m\u00e9thode compl\u00e8te (2025)<\/a><\/li>\n\t\t<li class=\"wsp-post\"><a href=\"https:\/\/rebgreen.fr\/Blog\/pose-gazon-synthetique-terre\/\">Comment poser du gazon synth\u00e9tique sur de la terre : m\u00e9thode compl\u00e8te<\/a><\/li>\n\t\t<li class=\"wsp-post\"><a href=\"https:\/\/rebgreen.fr\/Blog\/preparation-sol-gazon-synthetique\/\">Pr\u00e9parer le sol avant de poser du gazon synth\u00e9tique : l\u2019\u00e9tape essentielle<\/a><\/li>\n\t\t<li class=\"wsp-post\"><a href=\"https:\/\/rebgreen.fr\/Blog\/poser-gazon-synthetique-guide-complet\/\">Comment poser du gazon synth\u00e9tique : le guide complet (2025)<\/a><\/li>\n<\/ul><\/li>\n\t<li><strong class=\"wsp-category-title\">Cat\u00e9gorie\u00a0: <a href=\"https:\/\/rebgreen.fr\/Blog\/category\/jardin\/\">Jardin<\/a><\/strong>\n<ul class=\"wsp-posts-list\">\t\t<li class=\"wsp-post\"><a href=\"https:\/\/rebgreen.fr\/Blog\/dou-vient-lodeur-du-gazon-synthetique-neuf-et-comment-lattenuer\/\">D&rsquo;o\u00f9 vient l&rsquo;odeur du gazon synth\u00e9tique neuf et comment l&rsquo;att\u00e9nuer<\/a><\/li>\n\t\t<li class=\"wsp-post\"><a href=\"https:\/\/rebgreen.fr\/Blog\/avantages-gazon-synthetique-2\/\">Avantages du gazon synth\u00e9tique pour une aire de jeux s\u00e9curis\u00e9e et propre<\/a><\/li>\n\t\t<li class=\"wsp-post\"><a href=\"https:\/\/rebgreen.fr\/Blog\/gazon-synthetique-drainage\/\">Comment le gazon synth\u00e9tique assure un bon drainage sous la pluie<\/a><\/li>\n\t\t<li class=\"wsp-post\"><a href=\"https:\/\/rebgreen.fr\/Blog\/comment-proteger-le-gazon-synthetique-pendant-lhiver-et-le-gel\/\">Comment prot\u00e9ger le gazon synth\u00e9tique pendant l\u2019hiver et le gel<\/a><\/li>\n\t\t<li class=\"wsp-post\"><a href=\"https:\/\/rebgreen.fr\/Blog\/gazon-synthetique-piscine\/\">Gazon synth\u00e9tique autour d\u2019une piscine : avantages et conseils d\u2019installation<\/a><\/li>\n\t\t<li class=\"wsp-post\"><a href=\"https:\/\/rebgreen.fr\/Blog\/gazon-synthetique-odeur\/\">Pourquoi le gazon synth\u00e9tique neuf a-t-il une odeur particuli\u00e8re et comment y rem\u00e9dier<\/a><\/li>\n\t\t<li class=\"wsp-post\"><a href=\"https:\/\/rebgreen.fr\/Blog\/drainage-gazon-synthetique\/\">Comment assurer un bon drainage pour un gazon synth\u00e9tique sous la pluie<\/a><\/li>\n\t\t<li class=\"wsp-post\"><a href=\"https:\/\/rebgreen.fr\/Blog\/proteger-gazon-synthetique\/\">Comment prot\u00e9ger votre gazon synth\u00e9tique contre l&rsquo;hiver et le gel<\/a><\/li>\n\t\t<li class=\"wsp-post\"><a href=\"https:\/\/rebgreen.fr\/Blog\/gazon-synthetique-chaleur\/\">Le gazon synth\u00e9tique br\u00fble-t-il au soleil ou r\u00e9siste-t-il \u00e0 la chaleur\u00a0?<\/a><\/li>\n\t\t<li class=\"wsp-post\"><a href=\"https:\/\/rebgreen.fr\/Blog\/gazon-synthetique-chaleur-2\/\">Comment le gazon synth\u00e9tique r\u00e9siste sous forte chaleur<\/a><\/li>\n\t\t<li class=\"wsp-post\"><a href=\"https:\/\/rebgreen.fr\/Blog\/colle-accessoires-gazon-synthetique\/\">Tout savoir sur la colle et les accessoires indispensables pour poser votre gazon synth\u00e9tique<\/a><\/li>\n\t\t<li class=\"wsp-post\"><a href=\"https:\/\/rebgreen.fr\/Blog\/gazon-synthetique-ete-2025\/\">Gazon synth\u00e9tique r\u00e9sistant \u00e0 la chaleur : lequel choisir pour l\u2019\u00e9t\u00e9 2025 ?<\/a><\/li>\n\t\t<li class=\"wsp-post\"><a href=\"https:\/\/rebgreen.fr\/Blog\/tour-piscine-gazon-synthetique\/\">Am\u00e9nager un tour de piscine avec du gazon synth\u00e9tique : id\u00e9es et pr\u00e9cautions \u00e0 conna\u00eetre<\/a><\/li>\n\t\t<li class=\"wsp-post\"><a href=\"https:\/\/rebgreen.fr\/Blog\/gazon-synthetique-animaux\/\">Gazon synth\u00e9tique pour animaux : comment choisir une pelouse adapt\u00e9e aux chiens et chats<\/a><\/li>\n\t\t<li class=\"wsp-post\"><a href=\"https:\/\/rebgreen.fr\/Blog\/gazon-synthetique-premium-jardin\/\">Pourquoi choisir un gazon synth\u00e9tique premium pour votre jardin en 2025 ?<\/a><\/li>\n\t\t<li class=\"wsp-post\"><a href=\"https:\/\/rebgreen.fr\/Blog\/gazon-synthetique-jardin-2025-2\/\">Gazon synth\u00e9tique imitation parfaite : comment choisir le mod\u00e8le id\u00e9al pour un jardin naturel en 2025 ?<\/a><\/li>\n\t\t<li class=\"wsp-post\"><a href=\"https:\/\/rebgreen.fr\/Blog\/prix-gazon-synthetique-2025-2\/\">Gazon synth\u00e9tique prix m\u00b2 : combien co\u00fbte une pelouse artificielle en 2025 ?<\/a><\/li>\n\t\t<li class=\"wsp-post\"><a href=\"https:\/\/rebgreen.fr\/Blog\/gazon-synthetique-avantages-entretien\/\">Tout savoir sur le gazon synth\u00e9tique sur mesure : avantages, pose et entretien en 2025<\/a><\/li>\n\t\t<li class=\"wsp-post\"><a href=\"https:\/\/rebgreen.fr\/Blog\/gazon-synthetique-jardin\/\">Guide 2025 : tout savoir sur le gazon synth\u00e9tique haut de gamme pour un jardin parfait<\/a><\/li>\n\t\t<li class=\"wsp-post\"><a href=\"https:\/\/rebgreen.fr\/Blog\/nettoyer-gazon-synthetique\/\">Comment nettoyer du gazon synth\u00e9tique<\/a><\/li>\n\t\t<li class=\"wsp-post\"><a href=\"https:\/\/rebgreen.fr\/Blog\/duree-vie-gazon-synthetique\/\">Dur\u00e9e de vie d\u2019un gazon synth\u00e9tique<\/a><\/li>\n\t\t<li class=\"wsp-post\"><a href=\"https:\/\/rebgreen.fr\/Blog\/entretien-du-gazon-synthetique\/\">Entretien du gazon synth\u00e9tique<\/a><\/li>\n\t\t<li class=\"wsp-post\"><a href=\"https:\/\/rebgreen.fr\/Blog\/avantages-gazon-synthetique\/\">Avantages du gazon synth\u00e9tique par rapport au gazon naturel<\/a><\/li>\n\t\t<li class=\"wsp-post\"><a href=\"https:\/\/rebgreen.fr\/Blog\/poser-gazon-synthetique\/\">Comment poser du gazon synth\u00e9tique soi-m\u00eame<\/a><\/li>\n\t\t<li class=\"wsp-post\"><a href=\"https:\/\/rebgreen.fr\/Blog\/pelouse-artificielle-vs-naturelle-choisir-jardin\/\">\ud83c\udf31 Pelouse artificielle ou naturelle : comment faire le bon choix pour ton jardin ?<\/a><\/li>\n<\/ul><\/li>\n<\/ul>\n<\/div>\n","protected":false},"excerpt":{"rendered":"","protected":false},"author":7,"featured_media":0,"parent":0,"menu_order":0,"comment_status":"closed","ping_status":"closed","template":"","meta":{"footnotes":""},"class_list":["post-33","page","type-page","status-publish"],"yoast_head":"<!-- This site is optimized with the Yoast SEO plugin v27.4 - https:\/\/yoast.com\/product\/yoast-seo-wordpress\/ -->\n<title>Plan site -<\/title>\n<meta name=\"robots\" content=\"index, follow, max-snippet:-1, max-image-preview:large, max-video-preview:-1\" \/>\n<link rel=\"canonical\" href=\"http:\/\/rebgreen.fr\/Blog\/plan-site\/\" \/>\n<meta property=\"og:locale\" content=\"fr_FR\" \/>\n<meta property=\"og:type\" content=\"article\" \/>\n<meta property=\"og:title\" content=\"Plan site -\" \/>\n<meta property=\"og:url\" content=\"http:\/\/rebgreen.fr\/Blog\/plan-site\/\" \/>\n<meta property=\"article:modified_time\" content=\"2024-05-14T06:50:37+00:00\" \/>\n<meta name=\"twitter:card\" content=\"summary_large_image\" \/>\n<script type=\"application\/ld+json\" class=\"yoast-schema-graph\">{\"@context\":\"https:\\\/\\\/schema.org\",\"@graph\":[{\"@type\":\"WebPage\",\"@id\":\"http:\\\/\\\/rebgreen.fr\\\/Blog\\\/plan-site\\\/\",\"url\":\"http:\\\/\\\/rebgreen.fr\\\/Blog\\\/plan-site\\\/\",\"name\":\"Plan site -\",\"isPartOf\":{\"@id\":\"http:\\\/\\\/rebgreen.fr\\\/Blog\\\/#website\"},\"datePublished\":\"2024-05-14T06:50:36+00:00\",\"dateModified\":\"2024-05-14T06:50:37+00:00\",\"breadcrumb\":{\"@id\":\"http:\\\/\\\/rebgreen.fr\\\/Blog\\\/plan-site\\\/#breadcrumb\"},\"inLanguage\":\"fr-FR\",\"potentialAction\":[{\"@type\":\"ReadAction\",\"target\":[\"http:\\\/\\\/rebgreen.fr\\\/Blog\\\/plan-site\\\/\"]}]},{\"@type\":\"BreadcrumbList\",\"@id\":\"http:\\\/\\\/rebgreen.fr\\\/Blog\\\/plan-site\\\/#breadcrumb\",\"itemListElement\":[{\"@type\":\"ListItem\",\"position\":1,\"name\":\"Home\",\"item\":\"http:\\\/\\\/rebgreen.fr\\\/Blog\\\/\"},{\"@type\":\"ListItem\",\"position\":2,\"name\":\"Plan site\"}]},{\"@type\":\"WebSite\",\"@id\":\"http:\\\/\\\/rebgreen.fr\\\/Blog\\\/#website\",\"url\":\"http:\\\/\\\/rebgreen.fr\\\/Blog\\\/\",\"name\":\"\",\"description\":\"M\u00e9dia g\u00e9n\u00e9raliste\",\"potentialAction\":[{\"@type\":\"SearchAction\",\"target\":{\"@type\":\"EntryPoint\",\"urlTemplate\":\"http:\\\/\\\/rebgreen.fr\\\/Blog\\\/?s={search_term_string}\"},\"query-input\":{\"@type\":\"PropertyValueSpecification\",\"valueRequired\":true,\"valueName\":\"search_term_string\"}}],\"inLanguage\":\"fr-FR\"}]}<\/script>\n<!-- \/ Yoast SEO plugin. -->","yoast_head_json":{"title":"Plan site -","robots":{"index":"index","follow":"follow","max-snippet":"max-snippet:-1","max-image-preview":"max-image-preview:large","max-video-preview":"max-video-preview:-1"},"canonical":"http:\/\/rebgreen.fr\/Blog\/plan-site\/","og_locale":"fr_FR","og_type":"article","og_title":"Plan site -","og_url":"http:\/\/rebgreen.fr\/Blog\/plan-site\/","article_modified_time":"2024-05-14T06:50:37+00:00","twitter_card":"summary_large_image","schema":{"@context":"https:\/\/schema.org","@graph":[{"@type":"WebPage","@id":"http:\/\/rebgreen.fr\/Blog\/plan-site\/","url":"http:\/\/rebgreen.fr\/Blog\/plan-site\/","name":"Plan site -","isPartOf":{"@id":"http:\/\/rebgreen.fr\/Blog\/#website"},"datePublished":"2024-05-14T06:50:36+00:00","dateModified":"2024-05-14T06:50:37+00:00","breadcrumb":{"@id":"http:\/\/rebgreen.fr\/Blog\/plan-site\/#breadcrumb"},"inLanguage":"fr-FR","potentialAction":[{"@type":"ReadAction","target":["http:\/\/rebgreen.fr\/Blog\/plan-site\/"]}]},{"@type":"BreadcrumbList","@id":"http:\/\/rebgreen.fr\/Blog\/plan-site\/#breadcrumb","itemListElement":[{"@type":"ListItem","position":1,"name":"Home","item":"http:\/\/rebgreen.fr\/Blog\/"},{"@type":"ListItem","position":2,"name":"Plan site"}]},{"@type":"WebSite","@id":"http:\/\/rebgreen.fr\/Blog\/#website","url":"http:\/\/rebgreen.fr\/Blog\/","name":"","description":"M\u00e9dia g\u00e9n\u00e9raliste","potentialAction":[{"@type":"SearchAction","target":{"@type":"EntryPoint","urlTemplate":"http:\/\/rebgreen.fr\/Blog\/?s={search_term_string}"},"query-input":{"@type":"PropertyValueSpecification","valueRequired":true,"valueName":"search_term_string"}}],"inLanguage":"fr-FR"}]}},"_links":{"self":[{"href":"https:\/\/rebgreen.fr\/Blog\/wp-json\/wp\/v2\/pages\/33","targetHints":{"allow":["GET"]}}],"collection":[{"href":"https:\/\/rebgreen.fr\/Blog\/wp-json\/wp\/v2\/pages"}],"about":[{"href":"https:\/\/rebgreen.fr\/Blog\/wp-json\/wp\/v2\/types\/page"}],"author":[{"embeddable":true,"href":"https:\/\/rebgreen.fr\/Blog\/wp-json\/wp\/v2\/users\/7"}],"replies":[{"embeddable":true,"href":"https:\/\/rebgreen.fr\/Blog\/wp-json\/wp\/v2\/comments?post=33"}],"version-history":[{"count":1,"href":"https:\/\/rebgreen.fr\/Blog\/wp-json\/wp\/v2\/pages\/33\/revisions"}],"predecessor-version":[{"id":34,"href":"https:\/\/rebgreen.fr\/Blog\/wp-json\/wp\/v2\/pages\/33\/revisions\/34"}],"wp:attachment":[{"href":"https:\/\/rebgreen.fr\/Blog\/wp-json\/wp\/v2\/media?parent=33"}],"curies":[{"name":"wp","href":"https:\/\/api.w.org\/{rel}","templated":true}]}}