{"id":37,"date":"2024-05-14T06:54:56","date_gmt":"2024-05-14T06:54:56","guid":{"rendered":"http:\/\/rebgreen.fr\/Blog\/?page_id=37"},"modified":"2025-04-17T09:41:44","modified_gmt":"2025-04-17T09:41:44","slug":"a-propos","status":"publish","type":"page","link":"https:\/\/rebgreen.fr\/Blog\/a-propos\/","title":{"rendered":"A Propos"},"content":{"rendered":"\n<h2 class=\"wp-block-heading\">\u00c0 propos de SBI GREEN<\/h2>\n\n\n\n<p>Chez <strong>SBI GREEN<\/strong>, nous croyons en un avenir plus vert, plus responsable et plus durable.<\/p>\n\n\n\n<p>Implant\u00e9e \u00e0 <strong>Urmatt (67280)<\/strong>, notre soci\u00e9t\u00e9 s\u2019engage au quotidien pour proposer des solutions respectueuses de l\u2019environnement, accessibles \u00e0 tous. Notre mission : accompagner les particuliers, professionnels et collectivit\u00e9s dans leur transition \u00e9cologique en leur offrant des produits et services innovants, efficaces et durables.<\/p>\n\n\n\n<p>\ud83c\udf3f <strong>Pourquoi \u00ab\u00a0REB GREEN\u00a0\u00bb ?<\/strong><br>\u00ab\u00a0Reb\u00a0\u00bb comme \u00ab\u00a0rebondir\u00a0\u00bb, \u00ab\u00a0repenser\u00a0\u00bb ou \u00ab\u00a0r\u00e9inventer\u00a0\u00bb, et \u00ab\u00a0Green\u00a0\u00bb comme notre objectif commun : un monde plus vert. Le site <strong>rebgreen.fr<\/strong> est le reflet de cet engagement : un espace d\u2019informations, de conseils, et bient\u00f4t, un blog pour partager nos inspirations, nos astuces et nos projets.<\/p>\n\n\n\n<p>\ud83d\udccd <strong>Nos bureaux<\/strong><br>102 rue du G\u00e9n\u00e9ral de Gaulle<br>67280 Urmatt<br>\ud83d\udcde 06.70.77.41.14<br>\ud83d\udce9 <a class=\"\">commercial@rebgreen.fr<\/a><\/p>\n\n\n\n<p>\ud83d\udd22 <strong>SIRET<\/strong> : 91150295300019<\/p>\n\n\n\n<p>Merci de faire partie du changement avec nous \ud83c\udf31<br><strong>\u2013 L\u2019\u00e9quipe SBI GREEN<\/strong><\/p>\n","protected":false},"excerpt":{"rendered":"<p>\u00c0 propos de SBI GREEN Chez SBI GREEN, nous croyons en un avenir plus vert, plus responsable et plus durable. Implant\u00e9e \u00e0 Urmatt (67280), notre soci\u00e9t\u00e9 s\u2019engage au quotidien pour proposer des solutions respectueuses de l\u2019environnement, accessibles \u00e0 tous. Notre mission : accompagner les particuliers, professionnels et collectivit\u00e9s dans leur transition \u00e9cologique en leur offrant &#8230; <a title=\"A Propos\" class=\"read-more\" href=\"https:\/\/rebgreen.fr\/Blog\/a-propos\/\" aria-label=\"En savoir plus sur A Propos\">Lire plus<\/a><\/p>\n","protected":false},"author":7,"featured_media":0,"parent":0,"menu_order":0,"comment_status":"closed","ping_status":"closed","template":"","meta":{"footnotes":""},"class_list":["post-37","page","type-page","status-publish"],"yoast_head":"<!-- This site is optimized with the Yoast SEO plugin v27.4 - https:\/\/yoast.com\/product\/yoast-seo-wordpress\/ -->\n<title>A Propos -<\/title>\n<meta name=\"robots\" content=\"noindex, nofollow\" \/>\n<meta property=\"og:locale\" content=\"fr_FR\" \/>\n<meta property=\"og:type\" content=\"article\" \/>\n<meta property=\"og:title\" content=\"A Propos -\" \/>\n<meta property=\"og:description\" content=\"\u00c0 propos de SBI GREEN Chez SBI GREEN, nous croyons en un avenir plus vert, plus responsable et plus durable. Implant\u00e9e \u00e0 Urmatt (67280), notre soci\u00e9t\u00e9 s\u2019engage au quotidien pour proposer des solutions respectueuses de l\u2019environnement, accessibles \u00e0 tous. Notre mission : accompagner les particuliers, professionnels et collectivit\u00e9s dans leur transition \u00e9cologique en leur offrant ... Lire plus\" \/>\n<meta property=\"og:url\" content=\"https:\/\/rebgreen.fr\/Blog\/a-propos\/\" \/>\n<meta property=\"article:modified_time\" content=\"2025-04-17T09:41:44+00:00\" \/>\n<meta name=\"twitter:card\" content=\"summary_large_image\" \/>\n<meta name=\"twitter:label1\" content=\"Dur\u00e9e de lecture estim\u00e9e\" \/>\n\t<meta name=\"twitter:data1\" content=\"1 minute\" \/>\n<script type=\"application\/ld+json\" class=\"yoast-schema-graph\">{\"@context\":\"https:\\\/\\\/schema.org\",\"@graph\":[{\"@type\":\"WebPage\",\"@id\":\"https:\\\/\\\/rebgreen.fr\\\/Blog\\\/a-propos\\\/\",\"url\":\"https:\\\/\\\/rebgreen.fr\\\/Blog\\\/a-propos\\\/\",\"name\":\"A Propos -\",\"isPartOf\":{\"@id\":\"http:\\\/\\\/rebgreen.fr\\\/Blog\\\/#website\"},\"datePublished\":\"2024-05-14T06:54:56+00:00\",\"dateModified\":\"2025-04-17T09:41:44+00:00\",\"breadcrumb\":{\"@id\":\"https:\\\/\\\/rebgreen.fr\\\/Blog\\\/a-propos\\\/#breadcrumb\"},\"inLanguage\":\"fr-FR\",\"potentialAction\":[{\"@type\":\"ReadAction\",\"target\":[\"https:\\\/\\\/rebgreen.fr\\\/Blog\\\/a-propos\\\/\"]}]},{\"@type\":\"BreadcrumbList\",\"@id\":\"https:\\\/\\\/rebgreen.fr\\\/Blog\\\/a-propos\\\/#breadcrumb\",\"itemListElement\":[{\"@type\":\"ListItem\",\"position\":1,\"name\":\"Home\",\"item\":\"http:\\\/\\\/rebgreen.fr\\\/Blog\\\/\"},{\"@type\":\"ListItem\",\"position\":2,\"name\":\"A Propos\"}]},{\"@type\":\"WebSite\",\"@id\":\"http:\\\/\\\/rebgreen.fr\\\/Blog\\\/#website\",\"url\":\"http:\\\/\\\/rebgreen.fr\\\/Blog\\\/\",\"name\":\"\",\"description\":\"M\u00e9dia g\u00e9n\u00e9raliste\",\"potentialAction\":[{\"@type\":\"SearchAction\",\"target\":{\"@type\":\"EntryPoint\",\"urlTemplate\":\"http:\\\/\\\/rebgreen.fr\\\/Blog\\\/?s={search_term_string}\"},\"query-input\":{\"@type\":\"PropertyValueSpecification\",\"valueRequired\":true,\"valueName\":\"search_term_string\"}}],\"inLanguage\":\"fr-FR\"}]}<\/script>\n<!-- \/ Yoast SEO plugin. -->","yoast_head_json":{"title":"A Propos -","robots":{"index":"noindex","follow":"nofollow"},"og_locale":"fr_FR","og_type":"article","og_title":"A Propos -","og_description":"\u00c0 propos de SBI GREEN Chez SBI GREEN, nous croyons en un avenir plus vert, plus responsable et plus durable. Implant\u00e9e \u00e0 Urmatt (67280), notre soci\u00e9t\u00e9 s\u2019engage au quotidien pour proposer des solutions respectueuses de l\u2019environnement, accessibles \u00e0 tous. Notre mission : accompagner les particuliers, professionnels et collectivit\u00e9s dans leur transition \u00e9cologique en leur offrant ... Lire plus","og_url":"https:\/\/rebgreen.fr\/Blog\/a-propos\/","article_modified_time":"2025-04-17T09:41:44+00:00","twitter_card":"summary_large_image","twitter_misc":{"Dur\u00e9e de lecture estim\u00e9e":"1 minute"},"schema":{"@context":"https:\/\/schema.org","@graph":[{"@type":"WebPage","@id":"https:\/\/rebgreen.fr\/Blog\/a-propos\/","url":"https:\/\/rebgreen.fr\/Blog\/a-propos\/","name":"A Propos -","isPartOf":{"@id":"http:\/\/rebgreen.fr\/Blog\/#website"},"datePublished":"2024-05-14T06:54:56+00:00","dateModified":"2025-04-17T09:41:44+00:00","breadcrumb":{"@id":"https:\/\/rebgreen.fr\/Blog\/a-propos\/#breadcrumb"},"inLanguage":"fr-FR","potentialAction":[{"@type":"ReadAction","target":["https:\/\/rebgreen.fr\/Blog\/a-propos\/"]}]},{"@type":"BreadcrumbList","@id":"https:\/\/rebgreen.fr\/Blog\/a-propos\/#breadcrumb","itemListElement":[{"@type":"ListItem","position":1,"name":"Home","item":"http:\/\/rebgreen.fr\/Blog\/"},{"@type":"ListItem","position":2,"name":"A Propos"}]},{"@type":"WebSite","@id":"http:\/\/rebgreen.fr\/Blog\/#website","url":"http:\/\/rebgreen.fr\/Blog\/","name":"","description":"M\u00e9dia g\u00e9n\u00e9raliste","potentialAction":[{"@type":"SearchAction","target":{"@type":"EntryPoint","urlTemplate":"http:\/\/rebgreen.fr\/Blog\/?s={search_term_string}"},"query-input":{"@type":"PropertyValueSpecification","valueRequired":true,"valueName":"search_term_string"}}],"inLanguage":"fr-FR"}]}},"_links":{"self":[{"href":"https:\/\/rebgreen.fr\/Blog\/wp-json\/wp\/v2\/pages\/37","targetHints":{"allow":["GET"]}}],"collection":[{"href":"https:\/\/rebgreen.fr\/Blog\/wp-json\/wp\/v2\/pages"}],"about":[{"href":"https:\/\/rebgreen.fr\/Blog\/wp-json\/wp\/v2\/types\/page"}],"author":[{"embeddable":true,"href":"https:\/\/rebgreen.fr\/Blog\/wp-json\/wp\/v2\/users\/7"}],"replies":[{"embeddable":true,"href":"https:\/\/rebgreen.fr\/Blog\/wp-json\/wp\/v2\/comments?post=37"}],"version-history":[{"count":3,"href":"https:\/\/rebgreen.fr\/Blog\/wp-json\/wp\/v2\/pages\/37\/revisions"}],"predecessor-version":[{"id":1718,"href":"https:\/\/rebgreen.fr\/Blog\/wp-json\/wp\/v2\/pages\/37\/revisions\/1718"}],"wp:attachment":[{"href":"https:\/\/rebgreen.fr\/Blog\/wp-json\/wp\/v2\/media?parent=37"}],"curies":[{"name":"wp","href":"https:\/\/api.w.org\/{rel}","templated":true}]}}