{"id":814,"date":"2022-11-08T18:29:37","date_gmt":"2022-11-08T18:29:37","guid":{"rendered":"https:\/\/gpsites.co\/info\/?page_id=814"},"modified":"2025-04-17T12:35:52","modified_gmt":"2025-04-17T12:35:52","slug":"contact","status":"publish","type":"page","link":"https:\/\/rebgreen.fr\/Blog\/contact\/","title":{"rendered":"Contact"},"content":{"rendered":"\n<p>commercial@rebgreen.fr<\/p>\n\n\n\n<p><\/p>\n","protected":false},"excerpt":{"rendered":"<p>commercial@rebgreen.fr<\/p>\n","protected":false},"author":7,"featured_media":0,"parent":0,"menu_order":0,"comment_status":"closed","ping_status":"closed","template":"","meta":{"footnotes":""},"class_list":["post-814","page","type-page","status-publish"],"yoast_head":"<!-- This site is optimized with the Yoast SEO plugin v27.4 - https:\/\/yoast.com\/product\/yoast-seo-wordpress\/ -->\n<title>Contact -<\/title>\n<meta name=\"robots\" content=\"index, follow, max-snippet:-1, max-image-preview:large, max-video-preview:-1\" \/>\n<link rel=\"canonical\" href=\"https:\/\/rebgreen.fr\/Blog\/contact\/\" \/>\n<meta property=\"og:locale\" content=\"fr_FR\" \/>\n<meta property=\"og:type\" content=\"article\" \/>\n<meta property=\"og:title\" content=\"Contact -\" \/>\n<meta property=\"og:description\" content=\"commercial@rebgreen.fr\" \/>\n<meta property=\"og:url\" content=\"https:\/\/rebgreen.fr\/Blog\/contact\/\" \/>\n<meta property=\"article:modified_time\" content=\"2025-04-17T12:35:52+00:00\" \/>\n<meta name=\"twitter:card\" content=\"summary_large_image\" \/>\n<meta name=\"twitter:label1\" content=\"Dur\u00e9e de lecture estim\u00e9e\" \/>\n\t<meta name=\"twitter:data1\" content=\"1 minute\" \/>\n<script type=\"application\/ld+json\" class=\"yoast-schema-graph\">{\"@context\":\"https:\\\/\\\/schema.org\",\"@graph\":[{\"@type\":\"WebPage\",\"@id\":\"https:\\\/\\\/rebgreen.fr\\\/Blog\\\/contact\\\/\",\"url\":\"https:\\\/\\\/rebgreen.fr\\\/Blog\\\/contact\\\/\",\"name\":\"Contact -\",\"isPartOf\":{\"@id\":\"http:\\\/\\\/rebgreen.fr\\\/Blog\\\/#website\"},\"datePublished\":\"2022-11-08T18:29:37+00:00\",\"dateModified\":\"2025-04-17T12:35:52+00:00\",\"breadcrumb\":{\"@id\":\"https:\\\/\\\/rebgreen.fr\\\/Blog\\\/contact\\\/#breadcrumb\"},\"inLanguage\":\"fr-FR\",\"potentialAction\":[{\"@type\":\"ReadAction\",\"target\":[\"https:\\\/\\\/rebgreen.fr\\\/Blog\\\/contact\\\/\"]}]},{\"@type\":\"BreadcrumbList\",\"@id\":\"https:\\\/\\\/rebgreen.fr\\\/Blog\\\/contact\\\/#breadcrumb\",\"itemListElement\":[{\"@type\":\"ListItem\",\"position\":1,\"name\":\"Home\",\"item\":\"http:\\\/\\\/rebgreen.fr\\\/Blog\\\/\"},{\"@type\":\"ListItem\",\"position\":2,\"name\":\"Contact\"}]},{\"@type\":\"WebSite\",\"@id\":\"http:\\\/\\\/rebgreen.fr\\\/Blog\\\/#website\",\"url\":\"http:\\\/\\\/rebgreen.fr\\\/Blog\\\/\",\"name\":\"\",\"description\":\"M\u00e9dia g\u00e9n\u00e9raliste\",\"potentialAction\":[{\"@type\":\"SearchAction\",\"target\":{\"@type\":\"EntryPoint\",\"urlTemplate\":\"http:\\\/\\\/rebgreen.fr\\\/Blog\\\/?s={search_term_string}\"},\"query-input\":{\"@type\":\"PropertyValueSpecification\",\"valueRequired\":true,\"valueName\":\"search_term_string\"}}],\"inLanguage\":\"fr-FR\"}]}<\/script>\n<!-- \/ Yoast SEO plugin. -->","yoast_head_json":{"title":"Contact -","robots":{"index":"index","follow":"follow","max-snippet":"max-snippet:-1","max-image-preview":"max-image-preview:large","max-video-preview":"max-video-preview:-1"},"canonical":"https:\/\/rebgreen.fr\/Blog\/contact\/","og_locale":"fr_FR","og_type":"article","og_title":"Contact -","og_description":"commercial@rebgreen.fr","og_url":"https:\/\/rebgreen.fr\/Blog\/contact\/","article_modified_time":"2025-04-17T12:35:52+00:00","twitter_card":"summary_large_image","twitter_misc":{"Dur\u00e9e de lecture estim\u00e9e":"1 minute"},"schema":{"@context":"https:\/\/schema.org","@graph":[{"@type":"WebPage","@id":"https:\/\/rebgreen.fr\/Blog\/contact\/","url":"https:\/\/rebgreen.fr\/Blog\/contact\/","name":"Contact -","isPartOf":{"@id":"http:\/\/rebgreen.fr\/Blog\/#website"},"datePublished":"2022-11-08T18:29:37+00:00","dateModified":"2025-04-17T12:35:52+00:00","breadcrumb":{"@id":"https:\/\/rebgreen.fr\/Blog\/contact\/#breadcrumb"},"inLanguage":"fr-FR","potentialAction":[{"@type":"ReadAction","target":["https:\/\/rebgreen.fr\/Blog\/contact\/"]}]},{"@type":"BreadcrumbList","@id":"https:\/\/rebgreen.fr\/Blog\/contact\/#breadcrumb","itemListElement":[{"@type":"ListItem","position":1,"name":"Home","item":"http:\/\/rebgreen.fr\/Blog\/"},{"@type":"ListItem","position":2,"name":"Contact"}]},{"@type":"WebSite","@id":"http:\/\/rebgreen.fr\/Blog\/#website","url":"http:\/\/rebgreen.fr\/Blog\/","name":"","description":"M\u00e9dia g\u00e9n\u00e9raliste","potentialAction":[{"@type":"SearchAction","target":{"@type":"EntryPoint","urlTemplate":"http:\/\/rebgreen.fr\/Blog\/?s={search_term_string}"},"query-input":{"@type":"PropertyValueSpecification","valueRequired":true,"valueName":"search_term_string"}}],"inLanguage":"fr-FR"}]}},"_links":{"self":[{"href":"https:\/\/rebgreen.fr\/Blog\/wp-json\/wp\/v2\/pages\/814","targetHints":{"allow":["GET"]}}],"collection":[{"href":"https:\/\/rebgreen.fr\/Blog\/wp-json\/wp\/v2\/pages"}],"about":[{"href":"https:\/\/rebgreen.fr\/Blog\/wp-json\/wp\/v2\/types\/page"}],"author":[{"embeddable":true,"href":"https:\/\/rebgreen.fr\/Blog\/wp-json\/wp\/v2\/users\/7"}],"replies":[{"embeddable":true,"href":"https:\/\/rebgreen.fr\/Blog\/wp-json\/wp\/v2\/comments?post=814"}],"version-history":[{"count":4,"href":"https:\/\/rebgreen.fr\/Blog\/wp-json\/wp\/v2\/pages\/814\/revisions"}],"predecessor-version":[{"id":1770,"href":"https:\/\/rebgreen.fr\/Blog\/wp-json\/wp\/v2\/pages\/814\/revisions\/1770"}],"wp:attachment":[{"href":"https:\/\/rebgreen.fr\/Blog\/wp-json\/wp\/v2\/media?parent=814"}],"curies":[{"name":"wp","href":"https:\/\/api.w.org\/{rel}","templated":true}]}}